{"id":3520,"date":"2025-08-15T17:10:21","date_gmt":"2025-08-15T17:10:21","guid":{"rendered":"https:\/\/karinalopez.mx\/?page_id=3520"},"modified":"2025-09-18T18:32:46","modified_gmt":"2025-09-18T18:32:46","slug":"kl-blog","status":"publish","type":"page","link":"https:\/\/karinalopez.mx\/en\/kl-blog\/","title":{"rendered":"BlogKL"},"content":{"rendered":"<h1>\n\t\t\t\t Suscr\u00edbete a Marketing with Karina\n\t\t\t<\/h1>\n\t<p>Una publicaci\u00f3n casi semanal (<img decoding=\"async\" role=\"img\" draggable=\"false\" src=\"https:\/\/s.w.org\/images\/core\/emoji\/14.0.0\/svg\/1f609.svg\" alt=\"\ud83d\ude09\" \/>) donde exploramos temas de estrategia, marketing y negocios.<\/p>\n<p>Mi newsletter no es solo informaci\u00f3n: Cada edici\u00f3n est\u00e1 pensada para emprendedores, l\u00edderes y equipos que buscan crecer con intenci\u00f3n.<\/p>\n<p>Soy Karina L\u00f3pez &#8211; estratega de negocios y marketing, consultora, mentora y fundadora de Quali Consulting.<\/p>\n<p>En m\u00e1s de 25 a\u00f1os de trayectoria he acompa\u00f1ado a empresas globales y emprendedores a convertir sus ideas en estrategias que funcionan.<\/p>\n<p>M\u00e1s de 3,000 lectores ya forman parte de esta comunidad.<\/p>\n<p><img decoding=\"async\" role=\"img\" draggable=\"false\" src=\"https:\/\/s.w.org\/images\/core\/emoji\/14.0.0\/svg\/1f449.svg\" alt=\"\ud83d\udc49\" \/> \u00danete y recibe, casi cada semana, ideas, casos de estudio y lecciones pr\u00e1cticas que te ayudar\u00e1n a tomar mejores decisiones y dise\u00f1ar estrategias que generen resultados reales.<\/p>\n\t\t\t\t<img decoding=\"async\" src=\"https:\/\/karinalopez.mx\/wp-content\/uploads\/2025\/08\/kl-blog-intro.webp\" alt=\"kl-blog-intro\" title=\"kl-blog-intro\" itemprop=\"image\"\/>\n\t<h2>\n\t\t\t\tShare your ideas and concerns. <br \/>Book an appointment. \n\t\t\t<\/h2>\n\t<p>It all begins with an idea. Maybe you want to design a marketing plan to launch a new product or service, or you need a marketing strategy to grow in a new market, or your sales are decreasing and you need help. Whatever it is, we can have a conversation in order to understand your needs.<\/p>\n\t\t\t<a href=\"https:\/\/stan.store\/karinalopez\/p\/crear-cita\" target=\"_self\" role=\"button\" aria-label=\"Let&#039;s Work Together\" rel=\"noopener\">\n\t\t\t\t\t\t\tLet's Work Together\n\t\t<\/a>","protected":false},"excerpt":{"rendered":"<p>Suscr\u00edbete a Marketing with Karina Una publicaci\u00f3n casi semanal () donde exploramos temas de estrategia, marketing y negocios. Mi newsletter no es solo informaci\u00f3n: Cada edici\u00f3n est\u00e1 pensada para emprendedores, l\u00edderes y equipos que buscan crecer con intenci\u00f3n. Soy Karina L\u00f3pez &#8211; estratega de negocios y marketing, consultora, mentora y fundadora de Quali Consulting. En &hellip;<\/p>\n<p class=\"read-more\"> <a class=\"\" href=\"https:\/\/karinalopez.mx\/en\/kl-blog\/\"> <span class=\"screen-reader-text\">BlogKL<\/span> Read More \u00bb<\/a><\/p>","protected":false},"author":2,"featured_media":0,"parent":0,"menu_order":0,"comment_status":"closed","ping_status":"closed","template":"","meta":{"_uag_custom_page_level_css":"","site-sidebar-layout":"no-sidebar","site-content-layout":"page-builder","ast-global-header-display":"","ast-main-header-display":"","ast-hfb-above-header-display":"","ast-hfb-below-header-display":"","ast-hfb-mobile-header-display":"","site-post-title":"disabled","ast-breadcrumbs-content":"disabled","ast-featured-img":"disabled","footer-sml-layout":"","theme-transparent-header-meta":"enabled","adv-header-id-meta":"","stick-header-meta":"","header-above-stick-meta":"","header-main-stick-meta":"","header-below-stick-meta":"","footnotes":""},"class_list":["post-3520","page","type-page","status-publish","hentry"],"yoast_head":"<!-- This site is optimized with the Yoast SEO plugin v26.9 - https:\/\/yoast.com\/product\/yoast-seo-wordpress\/ -->\n<title>BlogKL - Karina L\u00f3pez<\/title>\n<meta name=\"robots\" content=\"index, follow, max-snippet:-1, max-image-preview:large, max-video-preview:-1\" \/>\n<link rel=\"canonical\" href=\"https:\/\/karinalopez.mx\/en\/kl-blog\/\" \/>\n<meta property=\"og:locale\" content=\"en_US\" \/>\n<meta property=\"og:type\" content=\"article\" \/>\n<meta property=\"og:title\" content=\"BlogKL - Karina L\u00f3pez\" \/>\n<meta property=\"og:description\" content=\"Suscr\u00edbete a Marketing with Karina Una publicaci\u00f3n casi semanal () donde exploramos temas de estrategia, marketing y negocios. Mi newsletter no es solo informaci\u00f3n: Cada edici\u00f3n est\u00e1 pensada para emprendedores, l\u00edderes y equipos que buscan crecer con intenci\u00f3n. Soy Karina L\u00f3pez &#8211; estratega de negocios y marketing, consultora, mentora y fundadora de Quali Consulting. En &hellip; BlogKL Read More \u00bb\" \/>\n<meta property=\"og:url\" content=\"https:\/\/karinalopez.mx\/en\/kl-blog\/\" \/>\n<meta property=\"og:site_name\" content=\"Karina L\u00f3pez\" \/>\n<meta property=\"article:modified_time\" content=\"2025-09-18T18:32:46+00:00\" \/>\n<meta property=\"og:image\" content=\"https:\/\/s.w.org\/images\/core\/emoji\/14.0.0\/svg\/1f609.svg\" \/>\n<meta name=\"twitter:card\" content=\"summary_large_image\" \/>\n<meta name=\"twitter:label1\" content=\"Est. reading time\" \/>\n\t<meta name=\"twitter:data1\" content=\"5 minutes\" \/>\n<script type=\"application\/ld+json\" class=\"yoast-schema-graph\">{\"@context\":\"https:\/\/schema.org\",\"@graph\":[{\"@type\":\"WebPage\",\"@id\":\"https:\/\/karinalopez.mx\/kl-blog\/\",\"url\":\"https:\/\/karinalopez.mx\/kl-blog\/\",\"name\":\"BlogKL - Karina L\u00f3pez\",\"isPartOf\":{\"@id\":\"https:\/\/karinalopez.mx\/#website\"},\"primaryImageOfPage\":{\"@id\":\"https:\/\/karinalopez.mx\/kl-blog\/#primaryimage\"},\"image\":{\"@id\":\"https:\/\/karinalopez.mx\/kl-blog\/#primaryimage\"},\"thumbnailUrl\":\"https:\/\/s.w.org\/images\/core\/emoji\/14.0.0\/svg\/1f609.svg\",\"datePublished\":\"2025-08-15T17:10:21+00:00\",\"dateModified\":\"2025-09-18T18:32:46+00:00\",\"breadcrumb\":{\"@id\":\"https:\/\/karinalopez.mx\/kl-blog\/#breadcrumb\"},\"inLanguage\":\"en-US\",\"potentialAction\":[{\"@type\":\"ReadAction\",\"target\":[\"https:\/\/karinalopez.mx\/kl-blog\/\"]}]},{\"@type\":\"ImageObject\",\"inLanguage\":\"en-US\",\"@id\":\"https:\/\/karinalopez.mx\/kl-blog\/#primaryimage\",\"url\":\"https:\/\/s.w.org\/images\/core\/emoji\/14.0.0\/svg\/1f609.svg\",\"contentUrl\":\"https:\/\/s.w.org\/images\/core\/emoji\/14.0.0\/svg\/1f609.svg\"},{\"@type\":\"BreadcrumbList\",\"@id\":\"https:\/\/karinalopez.mx\/kl-blog\/#breadcrumb\",\"itemListElement\":[{\"@type\":\"ListItem\",\"position\":1,\"name\":\"Inicio\",\"item\":\"https:\/\/karinalopez.mx\/\"},{\"@type\":\"ListItem\",\"position\":2,\"name\":\"BlogKL\"}]},{\"@type\":\"WebSite\",\"@id\":\"https:\/\/karinalopez.mx\/#website\",\"url\":\"https:\/\/karinalopez.mx\/\",\"name\":\"Karina L\u00f3pez\",\"description\":\"Consultor\u00eda, coaching y mentor\u00eda\",\"publisher\":{\"@id\":\"https:\/\/karinalopez.mx\/#organization\"},\"potentialAction\":[{\"@type\":\"SearchAction\",\"target\":{\"@type\":\"EntryPoint\",\"urlTemplate\":\"https:\/\/karinalopez.mx\/?s={search_term_string}\"},\"query-input\":{\"@type\":\"PropertyValueSpecification\",\"valueRequired\":true,\"valueName\":\"search_term_string\"}}],\"inLanguage\":\"en-US\"},{\"@type\":\"Organization\",\"@id\":\"https:\/\/karinalopez.mx\/#organization\",\"name\":\"Karina L\u00f3pez\",\"url\":\"https:\/\/karinalopez.mx\/\",\"logo\":{\"@type\":\"ImageObject\",\"inLanguage\":\"en-US\",\"@id\":\"https:\/\/karinalopez.mx\/#\/schema\/logo\/image\/\",\"url\":\"https:\/\/karinalopez.mx\/wp-content\/uploads\/2022\/07\/karina_lopez-logo__nuevo_menu_header.svg\",\"contentUrl\":\"https:\/\/karinalopez.mx\/wp-content\/uploads\/2022\/07\/karina_lopez-logo__nuevo_menu_header.svg\",\"caption\":\"Karina L\u00f3pez\"},\"image\":{\"@id\":\"https:\/\/karinalopez.mx\/#\/schema\/logo\/image\/\"}}]}<\/script>\n<!-- \/ Yoast SEO plugin. -->","yoast_head_json":{"title":"BlogKL - Karina L\u00f3pez","robots":{"index":"index","follow":"follow","max-snippet":"max-snippet:-1","max-image-preview":"max-image-preview:large","max-video-preview":"max-video-preview:-1"},"canonical":"https:\/\/karinalopez.mx\/en\/kl-blog\/","og_locale":"en_US","og_type":"article","og_title":"BlogKL - Karina L\u00f3pez","og_description":"Suscr\u00edbete a Marketing with Karina Una publicaci\u00f3n casi semanal () donde exploramos temas de estrategia, marketing y negocios. Mi newsletter no es solo informaci\u00f3n: Cada edici\u00f3n est\u00e1 pensada para emprendedores, l\u00edderes y equipos que buscan crecer con intenci\u00f3n. Soy Karina L\u00f3pez &#8211; estratega de negocios y marketing, consultora, mentora y fundadora de Quali Consulting. En &hellip; BlogKL Read More \u00bb","og_url":"https:\/\/karinalopez.mx\/en\/kl-blog\/","og_site_name":"Karina L\u00f3pez","article_modified_time":"2025-09-18T18:32:46+00:00","og_image":[{"url":"https:\/\/s.w.org\/images\/core\/emoji\/14.0.0\/svg\/1f609.svg","type":"","width":"","height":""}],"twitter_card":"summary_large_image","twitter_misc":{"Est. reading time":"5 minutes"},"schema":{"@context":"https:\/\/schema.org","@graph":[{"@type":"WebPage","@id":"https:\/\/karinalopez.mx\/kl-blog\/","url":"https:\/\/karinalopez.mx\/kl-blog\/","name":"BlogKL - Karina L\u00f3pez","isPartOf":{"@id":"https:\/\/karinalopez.mx\/#website"},"primaryImageOfPage":{"@id":"https:\/\/karinalopez.mx\/kl-blog\/#primaryimage"},"image":{"@id":"https:\/\/karinalopez.mx\/kl-blog\/#primaryimage"},"thumbnailUrl":"https:\/\/s.w.org\/images\/core\/emoji\/14.0.0\/svg\/1f609.svg","datePublished":"2025-08-15T17:10:21+00:00","dateModified":"2025-09-18T18:32:46+00:00","breadcrumb":{"@id":"https:\/\/karinalopez.mx\/kl-blog\/#breadcrumb"},"inLanguage":"en-US","potentialAction":[{"@type":"ReadAction","target":["https:\/\/karinalopez.mx\/kl-blog\/"]}]},{"@type":"ImageObject","inLanguage":"en-US","@id":"https:\/\/karinalopez.mx\/kl-blog\/#primaryimage","url":"https:\/\/s.w.org\/images\/core\/emoji\/14.0.0\/svg\/1f609.svg","contentUrl":"https:\/\/s.w.org\/images\/core\/emoji\/14.0.0\/svg\/1f609.svg"},{"@type":"BreadcrumbList","@id":"https:\/\/karinalopez.mx\/kl-blog\/#breadcrumb","itemListElement":[{"@type":"ListItem","position":1,"name":"Inicio","item":"https:\/\/karinalopez.mx\/"},{"@type":"ListItem","position":2,"name":"BlogKL"}]},{"@type":"WebSite","@id":"https:\/\/karinalopez.mx\/#website","url":"https:\/\/karinalopez.mx\/","name":"Karina L\u00f3pez","description":"Consultor\u00eda, coaching y mentor\u00eda","publisher":{"@id":"https:\/\/karinalopez.mx\/#organization"},"potentialAction":[{"@type":"SearchAction","target":{"@type":"EntryPoint","urlTemplate":"https:\/\/karinalopez.mx\/?s={search_term_string}"},"query-input":{"@type":"PropertyValueSpecification","valueRequired":true,"valueName":"search_term_string"}}],"inLanguage":"en-US"},{"@type":"Organization","@id":"https:\/\/karinalopez.mx\/#organization","name":"Karina L\u00f3pez","url":"https:\/\/karinalopez.mx\/","logo":{"@type":"ImageObject","inLanguage":"en-US","@id":"https:\/\/karinalopez.mx\/#\/schema\/logo\/image\/","url":"https:\/\/karinalopez.mx\/wp-content\/uploads\/2022\/07\/karina_lopez-logo__nuevo_menu_header.svg","contentUrl":"https:\/\/karinalopez.mx\/wp-content\/uploads\/2022\/07\/karina_lopez-logo__nuevo_menu_header.svg","caption":"Karina L\u00f3pez"},"image":{"@id":"https:\/\/karinalopez.mx\/#\/schema\/logo\/image\/"}}]}},"uagb_featured_image_src":{"full":false,"thumbnail":false,"medium":false,"medium_large":false,"large":false,"1536x1536":false,"2048x2048":false,"trp-custom-language-flag":false},"uagb_author_info":{"display_name":"Andres Sierra","author_link":"https:\/\/karinalopez.mx\/en\/author\/fr4xttohy7\/"},"uagb_comment_info":0,"uagb_excerpt":"Suscr\u00edbete a Marketing with Karina Una publicaci\u00f3n casi semanal () donde exploramos temas de estrategia, marketing y negocios. Mi newsletter no es solo informaci\u00f3n: Cada edici\u00f3n est\u00e1 pensada para emprendedores, l\u00edderes y equipos que buscan crecer con intenci\u00f3n. Soy Karina L\u00f3pez &#8211; estratega de negocios y marketing, consultora, mentora y fundadora de Quali Consulting. En&hellip;","_links":{"self":[{"href":"https:\/\/karinalopez.mx\/en\/wp-json\/wp\/v2\/pages\/3520","targetHints":{"allow":["GET"]}}],"collection":[{"href":"https:\/\/karinalopez.mx\/en\/wp-json\/wp\/v2\/pages"}],"about":[{"href":"https:\/\/karinalopez.mx\/en\/wp-json\/wp\/v2\/types\/page"}],"author":[{"embeddable":true,"href":"https:\/\/karinalopez.mx\/en\/wp-json\/wp\/v2\/users\/2"}],"replies":[{"embeddable":true,"href":"https:\/\/karinalopez.mx\/en\/wp-json\/wp\/v2\/comments?post=3520"}],"version-history":[{"count":10,"href":"https:\/\/karinalopez.mx\/en\/wp-json\/wp\/v2\/pages\/3520\/revisions"}],"predecessor-version":[{"id":3610,"href":"https:\/\/karinalopez.mx\/en\/wp-json\/wp\/v2\/pages\/3520\/revisions\/3610"}],"wp:attachment":[{"href":"https:\/\/karinalopez.mx\/en\/wp-json\/wp\/v2\/media?parent=3520"}],"curies":[{"name":"wp","href":"https:\/\/api.w.org\/{rel}","templated":true}]}}