{"id":3737,"date":"2026-03-03T18:07:16","date_gmt":"2026-03-03T18:07:16","guid":{"rendered":"https:\/\/karinalopez.mx\/?page_id=3737"},"modified":"2026-03-04T23:44:14","modified_gmt":"2026-03-04T23:44:14","slug":"estrategia-de-marketing","status":"publish","type":"page","link":"https:\/\/karinalopez.mx\/en\/services\/estrategia-de-marketing\/","title":{"rendered":"Marketing Strategy"},"content":{"rendered":"<h1>\n\t\t\t\tMarketing Strategy\n\t\t\t<\/h1>\n\t\t\t\t<img loading=\"lazy\" decoding=\"async\" src=\"https:\/\/karinalopez.mx\/wp-content\/uploads\/2026\/03\/kl-estrategiamarketing-curso-gente.webp\" alt=\"kl-estrategiamarketing-curso-gente\" itemprop=\"image\" height=\"1025\" width=\"1465\" title=\"kl-estrategiamarketing-curso-gente\" onerror=\"this.style.display='none'\"  \/>\n<h2>\n\t\tThe bridge between vision and operations\n\t<\/h2>\n\tContar con una gran idea no es suficiente si no existe un mapa claro para llevarla al mercado de forma rentable y coherente.\nA partir de un an\u00e1lisis profundo de tu negocio, su mercado y su ecosistema, dise\u00f1o una estructura de marketing que no solo es ambiciosa, sino <strong data-start=\"1050\" data-end=\"1084\">but executable from day one.<\/strong>.\nMi enfoque no se limita a recomendar acciones:<br data-start=\"1133\" data-end=\"1136\" \/>I develop the <strong data-start=\"1151\" data-end=\"1177\">strategic foundations<\/strong> that allow your organization to regain focus, speed, and direction.\n<h2>\n\t\tWhat is it?\n\t<\/h2>\n\tThis is a <strong data-start=\"1283\" data-end=\"1314\">comprehensive strategic design service<\/strong>where I fully develop your business's marketing strategy.\n<p>It is not a guided mentorship or simple consulting; it is a structured process where I analyze your context, define the direction, and build a plan ready for implementation.<\/p>\n<p>You provide the key business insights; I transform them into a clear, structured, and operable strategy.<\/p>\n\t\t\t\t<img loading=\"lazy\" decoding=\"async\" src=\"https:\/\/karinalopez.mx\/wp-content\/uploads\/2026\/03\/kl-estrategiamarketing-curso-kl.webp\" alt=\"kl-estrategiamarketing-curso-kl\" itemprop=\"image\" height=\"1025\" width=\"1465\" title=\"kl-estrategiamarketing-curso-kl\" onerror=\"this.style.display='none'\"  \/>\n<h2>\n\t\tWho is this for?\n\t<\/h2>\n\t<h4>\n\t\t\t\tFor companies that need to move forward with clarity but lack the time, team, or structure to design their strategy from scratch.\n\t\t\t<\/h4>\n\tEmprendedores o equipos fundadores que necesitan estructurar correctamente su estrategia antes de lanzar o escalar su proyecto.\n\tEmpresas que ya operan en el mercado pero necesitan <strong data-start=\"894\" data-end=\"934\">to reorganize or redefine their growth strategy but lack a robust in-house strategic team.<\/strong>\nIn these cases, I join as a <strong data-start=\"1008\" data-end=\"1059\">Fractional Strategic Partner,<\/strong>, integr\u00e1ndome temporalmente al equipo directivo para dise\u00f1ar la estrategia, alinear \u00e1reas clave y dejar un plan claro para su implementaci\u00f3n.\n\tAgencias que necesitan fortalecer el componente estrat\u00e9gico de los proyectos que desarrollan para sus clientes.\nColaboro con agencias bajo un <strong data-start=\"1493\" data-end=\"1529\">per-project basis, <\/strong>complementing the agency's existing capabilities.\n\t<h3>\n\t\t\t\t&#8220;Saber a d\u00f3nde ir es solo la mitad del trabajo. La verdadera ventaja competitiva radica en tener un plan listo para ser operado con precisi\u00f3n.&#8221;\n\t\t\t<\/h3>\n\t<h2>\n\t\t\t\tWhat\u2019s Included\n\t\t\t<\/h2>\n\t\t\t<p>A structured process where I transform information into strategic direction and an operation-ready plan:<\/p>\t\n\t<h6>\n\t\t\t\t01.\n\t\t\t<\/h6>\n\t<h4>\n\t\t\t\tBusiness Discovery Session\n\t\t\t<\/h4>\n\t\t\t<p>Aligning goals, context, challenges, and priorities.<\/p>\t\n\t<h6>\n\t\t\t\t02.\n\t\t\t<\/h6>\n\t<h4>\n\t\t\t\tKey Data Analysis\n\t\t\t<\/h4>\n\t\t\t<p>Reviewing historical performance, market trends, competition, and opportunities.<\/p>\t\n\t<h6>\n\t\t\t\t03.\n\t\t\t<\/h6>\n\t<h4>\n\t\t\t\tEcosystem Evaluation\n\t\t\t<\/h4>\n\t\t\t<p>Auditing current platforms, channels, teams, agencies, processes, and resources.<\/p>\t\n\t<h6>\n\t\t\t\t04.\n\t\t\t<\/h6>\n\t<h4>\n\t\t\t\tMarketing Strategy Design:\n\t\t\t<\/h4>\n\t\t\t<ul><li>Priority Segments<\/li><li>Value Proposition<\/li><li>Positioning<\/li><li>Go-to-Market (GTM) Strategy<\/li><li>Channels &amp; Acquisition Model<\/li><li>Strategic Narrative<\/li><\/ul>\t\n\t<h6>\n\t\t\t\t05.\n\t\t\t<\/h6>\n\t<h4>\n\t\t\t\tImplementation Plan: Developing a clear roadmap including:\n\t\t\t<\/h4>\n\t\t\t<ul><li>Priorities and Phases<\/li><li>Operational Requirements<\/li><li>Resource Allocation<\/li><li>Estimated Budget<\/li><\/ul>\t\n\t<h6>\n\t\t\t\t06.\n\t\t\t<\/h6>\n\t<h4>\n\t\t\t\tProgress Reviews and Deliverables\n\t\t\t<\/h4>\n\t\t\t<ul><li>I work in stages, ensuring continuous alignment until the final strategy is defined.<\/li><li>Team Training and Onboarding:<ul><li><ul><li>A structured knowledge transfer to ensure the team fully understands the strategy, achieves internal alignment, and can operate it effectively.<\/li><\/ul><\/li><\/ul><\/li><\/ul>\t\n\t<h2>\n\t\t\t\tBenefits\n\t\t\t<\/h2>\n\t\t\t\t\t\t\t\t\t\t\t\t\t\t\t\t\t\t\t\n\t\t\t\t\t\t\t\t\t\t\t\t\t\t\t\t\t\t\t\t\t\t\t<h3>Ready-to-Execute Strategy<\/h3> \t\t\t\t\t\t\t\t\t\t\t\n\t\t\t\t\t\t\t\t\t\t\t\t\t\t\t\t\t\t\t\t\t\t\t\t\t\t\t\t\t\t\t\t\t\t\t\t\t\t\t\t\t\t\t\t\t\t\t\t\t\t\t\t\t\t\t\t<p>You don\u2019t just get a diagnosis. You receive a clear plan with structure, priorities, and defined resources.<\/p> \t\t\t\t\t\t\t\t\t\t\t\t\t\t\t\t\t\t\t\t\t\t\t\t\t\t\t\t\t\n\t\t\t\t\t\t\t\t\t\t\t\t\t\t\t\t\t\t\t\n\t\t\t\t\t\t\t\t\t\t\t\t\t\t\t\t\t\t\t\t\t\t\t<h3>True Internal Alignment<\/h3> \t\t\t\t\t\t\t\t\t\t\t\n\t\t\t\t\t\t\t\t\t\t\t\t\t\t\t\t\t\t\t\t\t\t\t\t\t\t\t\t\t\t\t\t\t\t\t\t\t\t\t\t\t\t\t\t\t\t\t\t\t\t\t\t\t\t\t\t<p>Your team understands what to do, why to do it, and how to do it.<\/p> \t\t\t\t\t\t\t\t\t\t\t\t\t\t\t\t\t\t\t\t\t\t\t\t\t\t\t\t\t\n\t\t\t\t\t\t\t\t\t\t\t\t\t\t\t\t\t\t\t\n\t\t\t\t\t\t\t\t\t\t\t\t\t\t\t\t\t\t\t\t\t\t\t<h3>Investment &amp; Effort Efficiency<\/h3> \t\t\t\t\t\t\t\t\t\t\t\n\t\t\t\t\t\t\t\t\t\t\t\t\t\t\t\t\t\t\t\t\t\t\t\t\t\t\t\t\t\t\t\t\t\t\t\t\t\t\t\t\t\t\t\t\t\t\t\t\t\t\t\t\t\t\t\t<p>Eliminate dispersion and focus resources on what actually drives growth.<\/p> \t\t\t\t\t\t\t\t\t\t\t\t\t\t\t\t\t\t\t\t\t\t\t\t\t\t\t\t\t\n\t<h2>\n\t\t\t\tA good strategy doesn't just define the path. It defines how to walk it.\n\t\t\t<\/h2>\n\t<p>Aqu\u00ed no solo dise\u00f1amos la direcci\u00f3n&#8230; dejamos listo al equipo para ejecutarla con claridad.<\/p>\n\t\t\t<a href=\"https:\/\/stan.store\/karinalopez\/p\/crear-cita\" title=\"Schedule an Appointment\" target=\"_self\"   role=\"button\" aria-label=\"Schedule an Appointment\">\n\t\t\t\t\t\t\tSchedule an Appointment\n\t\t<\/a>","protected":false},"excerpt":{"rendered":"<p>Estrategia de Marketing El puente entre la visi\u00f3n y la operaci\u00f3n Contar con una gran idea no es suficiente si no existe un mapa claro para llevarla al mercado de forma rentable y coherente. A partir de un an\u00e1lisis profundo de tu negocio, su mercado y su ecosistema, dise\u00f1o una estructura de marketing que no [&hellip;]<\/p>","protected":false},"author":2,"featured_media":0,"parent":980,"menu_order":0,"comment_status":"closed","ping_status":"closed","template":"","meta":{"site-sidebar-layout":"no-sidebar","site-content-layout":"page-builder","ast-site-content-layout":"default","site-content-style":"default","site-sidebar-style":"default","ast-global-header-display":"","ast-banner-title-visibility":"","ast-main-header-display":"","ast-hfb-above-header-display":"","ast-hfb-below-header-display":"","ast-hfb-mobile-header-display":"","site-post-title":"disabled","ast-breadcrumbs-content":"disabled","ast-featured-img":"disabled","footer-sml-layout":"","ast-disable-related-posts":"","theme-transparent-header-meta":"enabled","adv-header-id-meta":"","stick-header-meta":"","header-above-stick-meta":"","header-main-stick-meta":"","header-below-stick-meta":"","astra-migrate-meta-layouts":"default","ast-page-background-enabled":"default","ast-page-background-meta":{"desktop":{"background-color":"","background-image":"","background-repeat":"repeat","background-position":"center center","background-size":"auto","background-attachment":"scroll","background-type":"","background-media":"","overlay-type":"","overlay-color":"","overlay-opacity":"","overlay-gradient":""},"tablet":{"background-color":"","background-image":"","background-repeat":"repeat","background-position":"center center","background-size":"auto","background-attachment":"scroll","background-type":"","background-media":"","overlay-type":"","overlay-color":"","overlay-opacity":"","overlay-gradient":""},"mobile":{"background-color":"","background-image":"","background-repeat":"repeat","background-position":"center center","background-size":"auto","background-attachment":"scroll","background-type":"","background-media":"","overlay-type":"","overlay-color":"","overlay-opacity":"","overlay-gradient":""}},"ast-content-background-meta":{"desktop":{"background-color":"var(--ast-global-color-5)","background-image":"","background-repeat":"repeat","background-position":"center center","background-size":"auto","background-attachment":"scroll","background-type":"","background-media":"","overlay-type":"","overlay-color":"","overlay-opacity":"","overlay-gradient":""},"tablet":{"background-color":"var(--ast-global-color-5)","background-image":"","background-repeat":"repeat","background-position":"center center","background-size":"auto","background-attachment":"scroll","background-type":"","background-media":"","overlay-type":"","overlay-color":"","overlay-opacity":"","overlay-gradient":""},"mobile":{"background-color":"var(--ast-global-color-5)","background-image":"","background-repeat":"repeat","background-position":"center center","background-size":"auto","background-attachment":"scroll","background-type":"","background-media":"","overlay-type":"","overlay-color":"","overlay-opacity":"","overlay-gradient":""}},"footnotes":""},"class_list":["post-3737","page","type-page","status-publish","hentry"],"yoast_head":"<!-- This site is optimized with the Yoast SEO plugin v26.9 - https:\/\/yoast.com\/product\/yoast-seo-wordpress\/ -->\n<title>Estrategia de Marketing - Karina L\u00f3pez<\/title>\n<meta name=\"robots\" content=\"index, follow, max-snippet:-1, max-image-preview:large, max-video-preview:-1\" \/>\n<link rel=\"canonical\" href=\"https:\/\/karinalopez.mx\/en\/services\/estrategia-de-marketing\/\" \/>\n<meta property=\"og:locale\" content=\"en_US\" \/>\n<meta property=\"og:type\" content=\"article\" \/>\n<meta property=\"og:title\" content=\"Estrategia de Marketing - Karina L\u00f3pez\" \/>\n<meta property=\"og:description\" content=\"Estrategia de Marketing El puente entre la visi\u00f3n y la operaci\u00f3n Contar con una gran idea no es suficiente si no existe un mapa claro para llevarla al mercado de forma rentable y coherente. A partir de un an\u00e1lisis profundo de tu negocio, su mercado y su ecosistema, dise\u00f1o una estructura de marketing que no [&hellip;]\" \/>\n<meta property=\"og:url\" content=\"https:\/\/karinalopez.mx\/en\/services\/estrategia-de-marketing\/\" \/>\n<meta property=\"og:site_name\" content=\"Karina L\u00f3pez\" \/>\n<meta property=\"article:modified_time\" content=\"2026-03-04T23:44:14+00:00\" \/>\n<meta property=\"og:image\" content=\"https:\/\/karinalopez.mx\/wp-content\/uploads\/2026\/03\/kl-estrategiamarketing-curso-gente.webp\" \/>\n<meta name=\"twitter:card\" content=\"summary_large_image\" \/>\n<meta name=\"twitter:label1\" content=\"Est. reading time\" \/>\n\t<meta name=\"twitter:data1\" content=\"4 minutes\" \/>\n<script type=\"application\/ld+json\" class=\"yoast-schema-graph\">{\"@context\":\"https:\/\/schema.org\",\"@graph\":[{\"@type\":\"WebPage\",\"@id\":\"https:\/\/karinalopez.mx\/services\/estrategia-de-marketing\/\",\"url\":\"https:\/\/karinalopez.mx\/services\/estrategia-de-marketing\/\",\"name\":\"Estrategia de Marketing - Karina L\u00f3pez\",\"isPartOf\":{\"@id\":\"https:\/\/karinalopez.mx\/#website\"},\"primaryImageOfPage\":{\"@id\":\"https:\/\/karinalopez.mx\/services\/estrategia-de-marketing\/#primaryimage\"},\"image\":{\"@id\":\"https:\/\/karinalopez.mx\/services\/estrategia-de-marketing\/#primaryimage\"},\"thumbnailUrl\":\"https:\/\/karinalopez.mx\/wp-content\/uploads\/2026\/03\/kl-estrategiamarketing-curso-gente.webp\",\"datePublished\":\"2026-03-03T18:07:16+00:00\",\"dateModified\":\"2026-03-04T23:44:14+00:00\",\"breadcrumb\":{\"@id\":\"https:\/\/karinalopez.mx\/services\/estrategia-de-marketing\/#breadcrumb\"},\"inLanguage\":\"en-US\",\"potentialAction\":[{\"@type\":\"ReadAction\",\"target\":[\"https:\/\/karinalopez.mx\/services\/estrategia-de-marketing\/\"]}]},{\"@type\":\"ImageObject\",\"inLanguage\":\"en-US\",\"@id\":\"https:\/\/karinalopez.mx\/services\/estrategia-de-marketing\/#primaryimage\",\"url\":\"https:\/\/karinalopez.mx\/wp-content\/uploads\/2026\/03\/kl-estrategiamarketing-curso-gente.webp\",\"contentUrl\":\"https:\/\/karinalopez.mx\/wp-content\/uploads\/2026\/03\/kl-estrategiamarketing-curso-gente.webp\"},{\"@type\":\"BreadcrumbList\",\"@id\":\"https:\/\/karinalopez.mx\/services\/estrategia-de-marketing\/#breadcrumb\",\"itemListElement\":[{\"@type\":\"ListItem\",\"position\":1,\"name\":\"Inicio\",\"item\":\"https:\/\/karinalopez.mx\/\"},{\"@type\":\"ListItem\",\"position\":2,\"name\":\"Services\",\"item\":\"https:\/\/karinalopez.mx\/services\/\"},{\"@type\":\"ListItem\",\"position\":3,\"name\":\"Estrategia de Marketing\"}]},{\"@type\":\"WebSite\",\"@id\":\"https:\/\/karinalopez.mx\/#website\",\"url\":\"https:\/\/karinalopez.mx\/\",\"name\":\"Karina L\u00f3pez\",\"description\":\"Consultor\u00eda, coaching y mentor\u00eda\",\"publisher\":{\"@id\":\"https:\/\/karinalopez.mx\/#organization\"},\"potentialAction\":[{\"@type\":\"SearchAction\",\"target\":{\"@type\":\"EntryPoint\",\"urlTemplate\":\"https:\/\/karinalopez.mx\/?s={search_term_string}\"},\"query-input\":{\"@type\":\"PropertyValueSpecification\",\"valueRequired\":true,\"valueName\":\"search_term_string\"}}],\"inLanguage\":\"en-US\"},{\"@type\":\"Organization\",\"@id\":\"https:\/\/karinalopez.mx\/#organization\",\"name\":\"Karina L\u00f3pez\",\"url\":\"https:\/\/karinalopez.mx\/\",\"logo\":{\"@type\":\"ImageObject\",\"inLanguage\":\"en-US\",\"@id\":\"https:\/\/karinalopez.mx\/#\/schema\/logo\/image\/\",\"url\":\"https:\/\/karinalopez.mx\/wp-content\/uploads\/2022\/07\/karina_lopez-logo__nuevo_menu_header.svg\",\"contentUrl\":\"https:\/\/karinalopez.mx\/wp-content\/uploads\/2022\/07\/karina_lopez-logo__nuevo_menu_header.svg\",\"caption\":\"Karina L\u00f3pez\"},\"image\":{\"@id\":\"https:\/\/karinalopez.mx\/#\/schema\/logo\/image\/\"}}]}<\/script>\n<!-- \/ Yoast SEO plugin. -->","yoast_head_json":{"title":"Estrategia de Marketing - Karina L\u00f3pez","robots":{"index":"index","follow":"follow","max-snippet":"max-snippet:-1","max-image-preview":"max-image-preview:large","max-video-preview":"max-video-preview:-1"},"canonical":"https:\/\/karinalopez.mx\/en\/services\/estrategia-de-marketing\/","og_locale":"en_US","og_type":"article","og_title":"Estrategia de Marketing - Karina L\u00f3pez","og_description":"Estrategia de Marketing El puente entre la visi\u00f3n y la operaci\u00f3n Contar con una gran idea no es suficiente si no existe un mapa claro para llevarla al mercado de forma rentable y coherente. A partir de un an\u00e1lisis profundo de tu negocio, su mercado y su ecosistema, dise\u00f1o una estructura de marketing que no [&hellip;]","og_url":"https:\/\/karinalopez.mx\/en\/services\/estrategia-de-marketing\/","og_site_name":"Karina L\u00f3pez","article_modified_time":"2026-03-04T23:44:14+00:00","og_image":[{"url":"https:\/\/karinalopez.mx\/wp-content\/uploads\/2026\/03\/kl-estrategiamarketing-curso-gente.webp","type":"","width":"","height":""}],"twitter_card":"summary_large_image","twitter_misc":{"Est. reading time":"4 minutes"},"schema":{"@context":"https:\/\/schema.org","@graph":[{"@type":"WebPage","@id":"https:\/\/karinalopez.mx\/services\/estrategia-de-marketing\/","url":"https:\/\/karinalopez.mx\/services\/estrategia-de-marketing\/","name":"Estrategia de Marketing - Karina L\u00f3pez","isPartOf":{"@id":"https:\/\/karinalopez.mx\/#website"},"primaryImageOfPage":{"@id":"https:\/\/karinalopez.mx\/services\/estrategia-de-marketing\/#primaryimage"},"image":{"@id":"https:\/\/karinalopez.mx\/services\/estrategia-de-marketing\/#primaryimage"},"thumbnailUrl":"https:\/\/karinalopez.mx\/wp-content\/uploads\/2026\/03\/kl-estrategiamarketing-curso-gente.webp","datePublished":"2026-03-03T18:07:16+00:00","dateModified":"2026-03-04T23:44:14+00:00","breadcrumb":{"@id":"https:\/\/karinalopez.mx\/services\/estrategia-de-marketing\/#breadcrumb"},"inLanguage":"en-US","potentialAction":[{"@type":"ReadAction","target":["https:\/\/karinalopez.mx\/services\/estrategia-de-marketing\/"]}]},{"@type":"ImageObject","inLanguage":"en-US","@id":"https:\/\/karinalopez.mx\/services\/estrategia-de-marketing\/#primaryimage","url":"https:\/\/karinalopez.mx\/wp-content\/uploads\/2026\/03\/kl-estrategiamarketing-curso-gente.webp","contentUrl":"https:\/\/karinalopez.mx\/wp-content\/uploads\/2026\/03\/kl-estrategiamarketing-curso-gente.webp"},{"@type":"BreadcrumbList","@id":"https:\/\/karinalopez.mx\/services\/estrategia-de-marketing\/#breadcrumb","itemListElement":[{"@type":"ListItem","position":1,"name":"Inicio","item":"https:\/\/karinalopez.mx\/"},{"@type":"ListItem","position":2,"name":"Services","item":"https:\/\/karinalopez.mx\/services\/"},{"@type":"ListItem","position":3,"name":"Estrategia de Marketing"}]},{"@type":"WebSite","@id":"https:\/\/karinalopez.mx\/#website","url":"https:\/\/karinalopez.mx\/","name":"Karina L\u00f3pez","description":"Consultor\u00eda, coaching y mentor\u00eda","publisher":{"@id":"https:\/\/karinalopez.mx\/#organization"},"potentialAction":[{"@type":"SearchAction","target":{"@type":"EntryPoint","urlTemplate":"https:\/\/karinalopez.mx\/?s={search_term_string}"},"query-input":{"@type":"PropertyValueSpecification","valueRequired":true,"valueName":"search_term_string"}}],"inLanguage":"en-US"},{"@type":"Organization","@id":"https:\/\/karinalopez.mx\/#organization","name":"Karina L\u00f3pez","url":"https:\/\/karinalopez.mx\/","logo":{"@type":"ImageObject","inLanguage":"en-US","@id":"https:\/\/karinalopez.mx\/#\/schema\/logo\/image\/","url":"https:\/\/karinalopez.mx\/wp-content\/uploads\/2022\/07\/karina_lopez-logo__nuevo_menu_header.svg","contentUrl":"https:\/\/karinalopez.mx\/wp-content\/uploads\/2022\/07\/karina_lopez-logo__nuevo_menu_header.svg","caption":"Karina L\u00f3pez"},"image":{"@id":"https:\/\/karinalopez.mx\/#\/schema\/logo\/image\/"}}]}},"_links":{"self":[{"href":"https:\/\/karinalopez.mx\/en\/wp-json\/wp\/v2\/pages\/3737","targetHints":{"allow":["GET"]}}],"collection":[{"href":"https:\/\/karinalopez.mx\/en\/wp-json\/wp\/v2\/pages"}],"about":[{"href":"https:\/\/karinalopez.mx\/en\/wp-json\/wp\/v2\/types\/page"}],"author":[{"embeddable":true,"href":"https:\/\/karinalopez.mx\/en\/wp-json\/wp\/v2\/users\/2"}],"replies":[{"embeddable":true,"href":"https:\/\/karinalopez.mx\/en\/wp-json\/wp\/v2\/comments?post=3737"}],"version-history":[{"count":4,"href":"https:\/\/karinalopez.mx\/en\/wp-json\/wp\/v2\/pages\/3737\/revisions"}],"predecessor-version":[{"id":3760,"href":"https:\/\/karinalopez.mx\/en\/wp-json\/wp\/v2\/pages\/3737\/revisions\/3760"}],"up":[{"embeddable":true,"href":"https:\/\/karinalopez.mx\/en\/wp-json\/wp\/v2\/pages\/980"}],"wp:attachment":[{"href":"https:\/\/karinalopez.mx\/en\/wp-json\/wp\/v2\/media?parent=3737"}],"curies":[{"name":"wp","href":"https:\/\/api.w.org\/{rel}","templated":true}]}}