{"id":975,"date":"2021-04-17T07:25:19","date_gmt":"2021-04-17T07:25:19","guid":{"rendered":"https:\/\/karinalopez.mx\/about\/"},"modified":"2026-02-21T21:33:58","modified_gmt":"2026-02-21T21:33:58","slug":"about","status":"publish","type":"page","link":"https:\/\/karinalopez.mx\/en\/about\/","title":{"rendered":"About"},"content":{"rendered":"<h1>\n\t\t\t\tMy Journey\n\t\t\t<\/h1>\n\t<h2>\n\t\t\t\tEvery step, a lesson in strategy.\n\t\t\t<\/h2>\n\t\t\t\t<img decoding=\"async\" src=\"https:\/\/karinalopez.mx\/wp-content\/uploads\/2026\/01\/kl-sitio-about-header2026.webp\" alt=\"kl-sitio-about-header2026\" title=\"kl-sitio-about-header2026\" itemprop=\"image\"\/>\n\tHe dedicado m\u00e1s de 25 a\u00f1os a trabajar con empresas y emprendedores que buscan convertir sus ideas en algo real, claro, estructurado y con potencial de crecimiento.\nA lo largo de mi carrera he participado en proyectos de marketing, desarrollo de negocios y consultor\u00eda en sectores como alimentos y bebidas, consumo, deportes, educaci\u00f3n, energ\u00eda y salud. He tenido la oportunidad de liderar equipos de m\u00e1s de 200 personas y desarrollar m\u00e1s de 1,200 proyectos, colaborando tanto con empresas globales como FEMSA y Maurten, como con emprendedores que est\u00e1n construyendo y escalando sus marcas, entre ellos Antonio Arg\u00fcelles y Marcela Novau.\nCon el tiempo, entend\u00ed que el reto no es solo ejecutar mejor, sino tener claridad. Por eso, mi trabajo se centra en ayudar a ordenar ideas, definir prioridades y construir estrategias que realmente puedan sostener el crecimiento en el tiempo.\n\tHe trabajado con empresas y l\u00edderes en M\u00e9xico, Latinoam\u00e9rica, Estados Unidos y otros mercados, pero es desde M\u00e9xico donde he construido la mayor parte de mi experiencia, entendiendo de cerca los retos reales de crecer un negocio en este contexto.\nHoy dedico parte de mi tiempo a la mentor\u00eda 1:1 y al desarrollo de estrategias para empresas que buscan crecer con intenci\u00f3n y direcci\u00f3n.\nVivo en M\u00e9xico, donde fund\u00e9 Quali Consulting y desarroll\u00e9 mi marca personal Marketing with Karina. Fuera del trabajo, disfruto aprender, hacer ejercicio y viajar.\n\t\t\t<a href=\"https:\/\/www.linkedin.com\/in\/kalopez\/\" title=\"Visit my LinkedIn profile!\" target=\"_self\"   role=\"button\" aria-label=\"Visit my LinkedIn profile!\">\n\t\t\t\t\t\t\t\t\t\t\tVisit my LinkedIn profile!\n\t\t<\/a>\n\t\t\t<a href=\"https:\/\/www.qualigc.com\" title=\"Visit my agency\u2019s website: Quali\" target=\"_self\"   role=\"button\" aria-label=\"Visit my agency\u2019s website: Quali\">\n\t\t\t\t\t\t\tVisit my agency\u2019s website: Quali\n\t\t<\/a>\n\t<h6>\n\t\t\t\tC L I E N T S\n\t\t\t<\/h6>\n\t\t\t\t<img decoding=\"async\" src=\"https:\/\/www.qualicg.com\/wp-content\/uploads\/2023\/06\/quali-clientes-b4-alfa-600x303-1.jpg\" alt=\"\" title=\"\" itemprop=\"image\"\/>\n\t\t\t\t<img decoding=\"async\" src=\"https:\/\/www.qualicg.com\/wp-content\/uploads\/2023\/06\/quali-clientes-c8-antonio-arguelles-600x303-1.jpg\" alt=\"\" title=\"\" itemprop=\"image\"\/>\n\t\t\t\t<img decoding=\"async\" src=\"https:\/\/www.qualicg.com\/wp-content\/uploads\/2023\/06\/quali-clientes-c5-dacova-600x303-1.jpg\" alt=\"\" title=\"\" itemprop=\"image\"\/>\n\t\t\t\t<img decoding=\"async\" src=\"https:\/\/www.qualicg.com\/wp-content\/uploads\/2023\/08\/quali-clientes-a2-DAVISA-600x303-1.png\" alt=\"\" title=\"\" itemprop=\"image\"\/>\n\t\t\t\t<img decoding=\"async\" src=\"https:\/\/www.qualicg.com\/wp-content\/uploads\/2023\/06\/quali-clientes-b3-femsa-600x303-1.jpg\" alt=\"\" title=\"\" itemprop=\"image\"\/>\n\t\t\t\t<img decoding=\"async\" src=\"https:\/\/www.qualicg.com\/wp-content\/uploads\/2023\/08\/quali-clientes-a2-malerecio2-600x303-1.png\" alt=\"\" title=\"\" itemprop=\"image\"\/>\n\t\t\t\t<img decoding=\"async\" src=\"https:\/\/www.qualicg.com\/wp-content\/uploads\/2023\/08\/quali-clientes-a2-maurten-600x303-1.png\" alt=\"\" title=\"\" itemprop=\"image\"\/>\n\t\t\t\t<img decoding=\"async\" src=\"https:\/\/www.qualicg.com\/wp-content\/uploads\/2023\/06\/quali-clientes-c6-medifert-600x303-1-300x152.jpg\" alt=\"\" title=\"\" itemprop=\"image\"\/>\n\t\t\t\t<img decoding=\"async\" src=\"https:\/\/karinalopez.mx\/wp-content\/uploads\/2025\/02\/karina_lopez-sobre_mi-2025.webp\" alt=\"karina_lopez-sobre_mi-2025\" title=\"karina_lopez-sobre_mi-2025\" itemprop=\"image\"\/>\n\t<h3>\n\t\t\t\tMy goal is to be your strategic partner to drive your growth, providing you with solid support based on methodology, structure, analysis, and creativity.\n\t\t\t<\/h3>\n\t<p>Hace cuatro a\u00f1os descubr\u00ed en el senderismo una forma de reconectar conmigo misma y con la naturaleza. De esa experiencia naci\u00f3 mi iniciativa &#8220;Deja solo Huellas&#8221;, un movimiento que inspira a cuidar el medio ambiente a trav\u00e9s de acciones simples: tomar solo memorias, dejar solo huellas y preservar cada espacio natural como si fuera \u00fanico.<\/p>\n<p>In search of new paths, this year I walked the Camino de Santiago, an experience that transformed my understanding of strategy, growth, and life itself. I learned that every step, no matter how small, can take you far when taken with intention.<\/p>\n<p>Most likely, what you are going through today or trying to achieve in your business is already history on my Path.<\/p>\n<p>Por eso cre\u00e9 la conferencia &#8220;Silencio, Pasos y Estrategia&#8221;, un espacio donde convierto las lecciones del senderismo y del Camino de Santiago en aprendizajes pr\u00e1cticos para negocios que buscan crecer con prop\u00f3sito.<\/p>\n\t\t\t<a href=\"https:\/\/www.instagram.com\/dejasolohuellas\/\" title=\"Follow us on Instagram!\" target=\"_self\"   role=\"button\" aria-label=\"Follow us on Instagram!\">\n\t\t\t\t\t\t\t\t\t\t\tFollow us on Instagram!\n\t\t<\/a>\n\t<h2>\n\t\t\t\tShare your ideas and concerns. <br \/>Book an appointment. \n\t\t\t<\/h2>\n\t<p>It all begins with an idea. Maybe you want to design a marketing plan to launch a new product or service, or you need a marketing strategy to grow in a new market, or your sales are decreasing and you need help. Whatever it is, we can have a conversation in order to understand your needs.<\/p>\n\t\t\t<a href=\"https:\/\/stan.store\/karinalopez\/p\/crear-cita\" title=\"Schedule a Discovery Call\" target=\"_self\"   role=\"button\" aria-label=\"Schedule a Discovery Call\">\n\t\t\t\t\t\t\tSchedule a Discovery Call\n\t\t<\/a>","protected":false},"excerpt":{"rendered":"<p>Mi recorrido Cada paso, una lecci\u00f3n de estrategia He dedicado m\u00e1s de 25 a\u00f1os a trabajar con empresas y emprendedores que buscan convertir sus ideas en algo real, claro, estructurado y con potencial de crecimiento. A lo largo de mi carrera he participado en proyectos de marketing, desarrollo de negocios y consultor\u00eda en sectores como [&hellip;]<\/p>","protected":false},"author":2,"featured_media":0,"parent":0,"menu_order":0,"comment_status":"closed","ping_status":"closed","template":"","meta":{"site-sidebar-layout":"no-sidebar","site-content-layout":"page-builder","ast-site-content-layout":"default","site-content-style":"default","site-sidebar-style":"default","ast-global-header-display":"","ast-banner-title-visibility":"","ast-main-header-display":"","ast-hfb-above-header-display":"","ast-hfb-below-header-display":"","ast-hfb-mobile-header-display":"","site-post-title":"disabled","ast-breadcrumbs-content":"disabled","ast-featured-img":"disabled","footer-sml-layout":"","ast-disable-related-posts":"","theme-transparent-header-meta":"enabled","adv-header-id-meta":"","stick-header-meta":"","header-above-stick-meta":"","header-main-stick-meta":"","header-below-stick-meta":"","astra-migrate-meta-layouts":"default","ast-page-background-enabled":"default","ast-page-background-meta":{"desktop":{"background-color":"","background-image":"","background-repeat":"repeat","background-position":"center center","background-size":"auto","background-attachment":"scroll","background-type":"","background-media":"","overlay-type":"","overlay-color":"","overlay-opacity":"","overlay-gradient":""},"tablet":{"background-color":"","background-image":"","background-repeat":"repeat","background-position":"center center","background-size":"auto","background-attachment":"scroll","background-type":"","background-media":"","overlay-type":"","overlay-color":"","overlay-opacity":"","overlay-gradient":""},"mobile":{"background-color":"","background-image":"","background-repeat":"repeat","background-position":"center center","background-size":"auto","background-attachment":"scroll","background-type":"","background-media":"","overlay-type":"","overlay-color":"","overlay-opacity":"","overlay-gradient":""}},"ast-content-background-meta":{"desktop":{"background-color":"var(--ast-global-color-5)","background-image":"","background-repeat":"repeat","background-position":"center center","background-size":"auto","background-attachment":"scroll","background-type":"","background-media":"","overlay-type":"","overlay-color":"","overlay-opacity":"","overlay-gradient":""},"tablet":{"background-color":"var(--ast-global-color-5)","background-image":"","background-repeat":"repeat","background-position":"center center","background-size":"auto","background-attachment":"scroll","background-type":"","background-media":"","overlay-type":"","overlay-color":"","overlay-opacity":"","overlay-gradient":""},"mobile":{"background-color":"var(--ast-global-color-5)","background-image":"","background-repeat":"repeat","background-position":"center center","background-size":"auto","background-attachment":"scroll","background-type":"","background-media":"","overlay-type":"","overlay-color":"","overlay-opacity":"","overlay-gradient":""}},"footnotes":""},"class_list":["post-975","page","type-page","status-publish","hentry"],"yoast_head":"<!-- This site is optimized with the Yoast SEO plugin v26.9 - https:\/\/yoast.com\/product\/yoast-seo-wordpress\/ -->\n<title>About - Karina L\u00f3pez<\/title>\n<meta name=\"robots\" content=\"index, follow, max-snippet:-1, max-image-preview:large, max-video-preview:-1\" \/>\n<link rel=\"canonical\" href=\"https:\/\/karinalopez.mx\/en\/about\/\" \/>\n<meta property=\"og:locale\" content=\"en_US\" \/>\n<meta property=\"og:type\" content=\"article\" \/>\n<meta property=\"og:title\" content=\"About - Karina L\u00f3pez\" \/>\n<meta property=\"og:description\" content=\"Mi recorrido Cada paso, una lecci\u00f3n de estrategia He dedicado m\u00e1s de 25 a\u00f1os a trabajar con empresas y emprendedores que buscan convertir sus ideas en algo real, claro, estructurado y con potencial de crecimiento. A lo largo de mi carrera he participado en proyectos de marketing, desarrollo de negocios y consultor\u00eda en sectores como [&hellip;]\" \/>\n<meta property=\"og:url\" content=\"https:\/\/karinalopez.mx\/en\/about\/\" \/>\n<meta property=\"og:site_name\" content=\"Karina L\u00f3pez\" \/>\n<meta property=\"article:modified_time\" content=\"2026-02-21T21:33:58+00:00\" \/>\n<meta property=\"og:image\" content=\"https:\/\/karinalopez.mx\/wp-content\/uploads\/2026\/01\/kl-sitio-about-header2026.webp\" \/>\n<meta name=\"twitter:card\" content=\"summary_large_image\" \/>\n<meta name=\"twitter:label1\" content=\"Est. reading time\" \/>\n\t<meta name=\"twitter:data1\" content=\"3 minutes\" \/>\n<script type=\"application\/ld+json\" class=\"yoast-schema-graph\">{\"@context\":\"https:\/\/schema.org\",\"@graph\":[{\"@type\":\"WebPage\",\"@id\":\"https:\/\/karinalopez.mx\/about\/\",\"url\":\"https:\/\/karinalopez.mx\/about\/\",\"name\":\"About - Karina L\u00f3pez\",\"isPartOf\":{\"@id\":\"https:\/\/karinalopez.mx\/#website\"},\"primaryImageOfPage\":{\"@id\":\"https:\/\/karinalopez.mx\/about\/#primaryimage\"},\"image\":{\"@id\":\"https:\/\/karinalopez.mx\/about\/#primaryimage\"},\"thumbnailUrl\":\"https:\/\/karinalopez.mx\/wp-content\/uploads\/2026\/01\/kl-sitio-about-header2026.webp\",\"datePublished\":\"2021-04-17T07:25:19+00:00\",\"dateModified\":\"2026-02-21T21:33:58+00:00\",\"breadcrumb\":{\"@id\":\"https:\/\/karinalopez.mx\/about\/#breadcrumb\"},\"inLanguage\":\"en-US\",\"potentialAction\":[{\"@type\":\"ReadAction\",\"target\":[\"https:\/\/karinalopez.mx\/about\/\"]}]},{\"@type\":\"ImageObject\",\"inLanguage\":\"en-US\",\"@id\":\"https:\/\/karinalopez.mx\/about\/#primaryimage\",\"url\":\"https:\/\/karinalopez.mx\/wp-content\/uploads\/2026\/01\/kl-sitio-about-header2026.webp\",\"contentUrl\":\"https:\/\/karinalopez.mx\/wp-content\/uploads\/2026\/01\/kl-sitio-about-header2026.webp\"},{\"@type\":\"BreadcrumbList\",\"@id\":\"https:\/\/karinalopez.mx\/about\/#breadcrumb\",\"itemListElement\":[{\"@type\":\"ListItem\",\"position\":1,\"name\":\"Inicio\",\"item\":\"https:\/\/karinalopez.mx\/\"},{\"@type\":\"ListItem\",\"position\":2,\"name\":\"About\"}]},{\"@type\":\"WebSite\",\"@id\":\"https:\/\/karinalopez.mx\/#website\",\"url\":\"https:\/\/karinalopez.mx\/\",\"name\":\"Karina L\u00f3pez\",\"description\":\"Consultor\u00eda, coaching y mentor\u00eda\",\"publisher\":{\"@id\":\"https:\/\/karinalopez.mx\/#organization\"},\"potentialAction\":[{\"@type\":\"SearchAction\",\"target\":{\"@type\":\"EntryPoint\",\"urlTemplate\":\"https:\/\/karinalopez.mx\/?s={search_term_string}\"},\"query-input\":{\"@type\":\"PropertyValueSpecification\",\"valueRequired\":true,\"valueName\":\"search_term_string\"}}],\"inLanguage\":\"en-US\"},{\"@type\":\"Organization\",\"@id\":\"https:\/\/karinalopez.mx\/#organization\",\"name\":\"Karina L\u00f3pez\",\"url\":\"https:\/\/karinalopez.mx\/\",\"logo\":{\"@type\":\"ImageObject\",\"inLanguage\":\"en-US\",\"@id\":\"https:\/\/karinalopez.mx\/#\/schema\/logo\/image\/\",\"url\":\"https:\/\/karinalopez.mx\/wp-content\/uploads\/2022\/07\/karina_lopez-logo__nuevo_menu_header.svg\",\"contentUrl\":\"https:\/\/karinalopez.mx\/wp-content\/uploads\/2022\/07\/karina_lopez-logo__nuevo_menu_header.svg\",\"caption\":\"Karina L\u00f3pez\"},\"image\":{\"@id\":\"https:\/\/karinalopez.mx\/#\/schema\/logo\/image\/\"}}]}<\/script>\n<!-- \/ Yoast SEO plugin. -->","yoast_head_json":{"title":"About - Karina L\u00f3pez","robots":{"index":"index","follow":"follow","max-snippet":"max-snippet:-1","max-image-preview":"max-image-preview:large","max-video-preview":"max-video-preview:-1"},"canonical":"https:\/\/karinalopez.mx\/en\/about\/","og_locale":"en_US","og_type":"article","og_title":"About - Karina L\u00f3pez","og_description":"Mi recorrido Cada paso, una lecci\u00f3n de estrategia He dedicado m\u00e1s de 25 a\u00f1os a trabajar con empresas y emprendedores que buscan convertir sus ideas en algo real, claro, estructurado y con potencial de crecimiento. A lo largo de mi carrera he participado en proyectos de marketing, desarrollo de negocios y consultor\u00eda en sectores como [&hellip;]","og_url":"https:\/\/karinalopez.mx\/en\/about\/","og_site_name":"Karina L\u00f3pez","article_modified_time":"2026-02-21T21:33:58+00:00","og_image":[{"url":"https:\/\/karinalopez.mx\/wp-content\/uploads\/2026\/01\/kl-sitio-about-header2026.webp","type":"","width":"","height":""}],"twitter_card":"summary_large_image","twitter_misc":{"Est. reading time":"3 minutes"},"schema":{"@context":"https:\/\/schema.org","@graph":[{"@type":"WebPage","@id":"https:\/\/karinalopez.mx\/about\/","url":"https:\/\/karinalopez.mx\/about\/","name":"About - Karina L\u00f3pez","isPartOf":{"@id":"https:\/\/karinalopez.mx\/#website"},"primaryImageOfPage":{"@id":"https:\/\/karinalopez.mx\/about\/#primaryimage"},"image":{"@id":"https:\/\/karinalopez.mx\/about\/#primaryimage"},"thumbnailUrl":"https:\/\/karinalopez.mx\/wp-content\/uploads\/2026\/01\/kl-sitio-about-header2026.webp","datePublished":"2021-04-17T07:25:19+00:00","dateModified":"2026-02-21T21:33:58+00:00","breadcrumb":{"@id":"https:\/\/karinalopez.mx\/about\/#breadcrumb"},"inLanguage":"en-US","potentialAction":[{"@type":"ReadAction","target":["https:\/\/karinalopez.mx\/about\/"]}]},{"@type":"ImageObject","inLanguage":"en-US","@id":"https:\/\/karinalopez.mx\/about\/#primaryimage","url":"https:\/\/karinalopez.mx\/wp-content\/uploads\/2026\/01\/kl-sitio-about-header2026.webp","contentUrl":"https:\/\/karinalopez.mx\/wp-content\/uploads\/2026\/01\/kl-sitio-about-header2026.webp"},{"@type":"BreadcrumbList","@id":"https:\/\/karinalopez.mx\/about\/#breadcrumb","itemListElement":[{"@type":"ListItem","position":1,"name":"Inicio","item":"https:\/\/karinalopez.mx\/"},{"@type":"ListItem","position":2,"name":"About"}]},{"@type":"WebSite","@id":"https:\/\/karinalopez.mx\/#website","url":"https:\/\/karinalopez.mx\/","name":"Karina L\u00f3pez","description":"Consultor\u00eda, coaching y mentor\u00eda","publisher":{"@id":"https:\/\/karinalopez.mx\/#organization"},"potentialAction":[{"@type":"SearchAction","target":{"@type":"EntryPoint","urlTemplate":"https:\/\/karinalopez.mx\/?s={search_term_string}"},"query-input":{"@type":"PropertyValueSpecification","valueRequired":true,"valueName":"search_term_string"}}],"inLanguage":"en-US"},{"@type":"Organization","@id":"https:\/\/karinalopez.mx\/#organization","name":"Karina L\u00f3pez","url":"https:\/\/karinalopez.mx\/","logo":{"@type":"ImageObject","inLanguage":"en-US","@id":"https:\/\/karinalopez.mx\/#\/schema\/logo\/image\/","url":"https:\/\/karinalopez.mx\/wp-content\/uploads\/2022\/07\/karina_lopez-logo__nuevo_menu_header.svg","contentUrl":"https:\/\/karinalopez.mx\/wp-content\/uploads\/2022\/07\/karina_lopez-logo__nuevo_menu_header.svg","caption":"Karina L\u00f3pez"},"image":{"@id":"https:\/\/karinalopez.mx\/#\/schema\/logo\/image\/"}}]}},"_links":{"self":[{"href":"https:\/\/karinalopez.mx\/en\/wp-json\/wp\/v2\/pages\/975","targetHints":{"allow":["GET"]}}],"collection":[{"href":"https:\/\/karinalopez.mx\/en\/wp-json\/wp\/v2\/pages"}],"about":[{"href":"https:\/\/karinalopez.mx\/en\/wp-json\/wp\/v2\/types\/page"}],"author":[{"embeddable":true,"href":"https:\/\/karinalopez.mx\/en\/wp-json\/wp\/v2\/users\/2"}],"replies":[{"embeddable":true,"href":"https:\/\/karinalopez.mx\/en\/wp-json\/wp\/v2\/comments?post=975"}],"version-history":[{"count":29,"href":"https:\/\/karinalopez.mx\/en\/wp-json\/wp\/v2\/pages\/975\/revisions"}],"predecessor-version":[{"id":3747,"href":"https:\/\/karinalopez.mx\/en\/wp-json\/wp\/v2\/pages\/975\/revisions\/3747"}],"wp:attachment":[{"href":"https:\/\/karinalopez.mx\/en\/wp-json\/wp\/v2\/media?parent=975"}],"curies":[{"name":"wp","href":"https:\/\/api.w.org\/{rel}","templated":true}]}}