{"id":980,"date":"2021-04-18T03:50:49","date_gmt":"2021-04-18T03:50:49","guid":{"rendered":"https:\/\/karinalopez.mx\/services\/"},"modified":"2026-02-20T19:28:35","modified_gmt":"2026-02-20T19:28:35","slug":"services","status":"publish","type":"page","link":"https:\/\/karinalopez.mx\/en\/services\/","title":{"rendered":"Services"},"content":{"rendered":"<h1>\n\t\t\t\tHow I can help you\n\t\t\t<\/h1>\n\t<h2>\n\t\t\t\tNot every business needs the same thing, but every business needs a strategy to grow.\n\t\t\t<\/h2>\n\tI design <strong>business and marketing strategies<\/strong> para empresas que buscan crecer con un rumbo definido.\nMi enfoque parte de entender tu negocio, sus retos y oportunidades para construir una ventaja real. Esto permite <strong>organize, focus, and strengthen<\/strong> tu proyecto, evitando avanzar sin una estructura s\u00f3lida o sin la certeza de que lo que est\u00e1s construyendo puede ser rentable y sostenible.\nA partir de ah\u00ed, estructuro una ruta clara que se traduce en un plan listo para implementarse.\nTrabajamos bajo dos modelos:<br data-start=\"720\" data-end=\"723\" \/>Through mentorship, I guide you in developing the strategy; or, I develop the full strategy for your company.\n\t<h2>\n\t\t\t\tMy Services\n\t\t\t<\/h2>\n\t<h6>\n\t\t\t\t01.\n\t\t\t<\/h6>\n\t<h3>\n\t\t\t\tConsulting\n\t\t\t<\/h3>\n\t\t\tEvery business reaches a point where it needs more than just ideas: it requires clarity, direction, and a plan to move forward with confidence. That's where I can help you.<strong data-start=\"611\" data-end=\"645\">The Strategy + Growth Workshop, <\/strong>It is a three-stage workshop (Clarity, Direction, and Action) that turns your vision into a solid, measurable, and executable plan to drive the growth of your business.\t\n\t<h6>\n\t\t\t\t02.\n\t\t\t<\/h6>\n\t<h3>\n\t\t\t\t1 on 1 Mentorship\n\t\t\t<\/h3>\n\t\t\tEvery entrepreneur and leader faces moments when they need more than just motivation: they need clarity, close guidance, and a space to turn ideas into action. That is the essence of my mentorship.<strong data-start=\"510\" data-end=\"541\">Business &amp; Growth Mentoring<\/strong> It is a 1:1 program designed to organize your ideas, focus your projects, and advance step by step with the necessary guidance to achieve real and sustainable results.\t\n\t<h6>\n\t\t\t\t03.\n\t\t\t<\/h6>\n\t<h3>\n\t\t\t\tMasterclass\n\t\t\t<\/h3>\n\t\t\tTwice a year I teach specialized programs that combine strategy, practice, and mentoring:<strong data-start=\"282\" data-end=\"321\">Business and Marketing Strategies<\/strong> &#8211; Un programa integral de 4 meses para transformar una idea en un plan s\u00f3lido, abarcando desde la visi\u00f3n hasta la salida al mercado.<strong data-start=\"458\" data-end=\"492\">B2B Marketing Growth Blueprint<\/strong> &#8211; Un programa de 2 meses dise\u00f1ado para empresas B2B que buscan claridad, foco y un plan estrat\u00e9gico para crecer de manera sostenible.\ud83d\udc49 Ap\u00fantate a la lista de espera y recibe la informaci\u00f3n en primicia.\t\n\t<h6>\n\t\t\t\tTestimonials\n\t\t\t<\/h6>\n\t<h2>\n\t\t\t\tWhat My Clients Are Saying\n\t\t\t<\/h2>\n\t<p>&#8220;En los 25 a\u00f1os que conozco y trabajo con Karina y el equipo de Quali, ha habido constante aprendizaje, colaboraci\u00f3n y, sobre todo, iniciativa para proponer y ejecutar proyectos de vanguardia que den resultados. Son un equipo comprometido, responsable y visionario.&#8221;<\/p>\n\t<h6>\n\t\t\t\tCarolina Alvear\n\t\t\t<\/h6>\n\t\t\t<p>Corporate Communications Director<\/p>\t\n\t<p>&#8220;Karina redise\u00f1\u00f3 la imagen corporativa y el naming de DACOVA en una etapa en la que nuestra empresa estaba evaluando el rumbo de crecimiento. Adem\u00e1s, nos hizo ver el enfoque de ventas y publicidad que nos faltaba para escalar a donde quer\u00edamos llegar&#8221;.<\/p>\n\t<h6>\n\t\t\t\tEnrique Salas\n\t\t\t<\/h6>\n\t\t\t<p>DACOVA<\/p>\t\n\t<h2>\n\t\t\t\tShare your ideas and concerns.\n\t\t\t<\/h2>\n\tYa sea que est\u00e9s por iniciar un negocio, lanzar un producto o marca, entrar a un nuevo mercado o mejorar tus resultados, podemos definir la mejor manera de abordarlo.\nAgenda una sesi\u00f3n y conversemos.\n\t\t\t<a href=\"https:\/\/stan.store\/karinalopez\/p\/crear-cita\" title=\"Schedule an Appointment\" target=\"_self\"   role=\"button\" aria-label=\"Schedule an Appointment\">\n\t\t\t\t\t\t\tSchedule an Appointment\n\t\t<\/a>","protected":false},"excerpt":{"rendered":"<p>Como puedo ayudarte No todos los negocios necesitan lo mismo, pero todos necesitan una estrategia para crecer. Dise\u00f1o estrategias de negocio y marketing para empresas que buscan crecer con un rumbo definido. Mi enfoque parte de entender tu negocio, sus retos y oportunidades para construir una ventaja real. Esto permite ordenar, enfocar y fortalecer tu [&hellip;]<\/p>","protected":false},"author":2,"featured_media":0,"parent":0,"menu_order":0,"comment_status":"closed","ping_status":"closed","template":"","meta":{"site-sidebar-layout":"no-sidebar","site-content-layout":"page-builder","ast-site-content-layout":"default","site-content-style":"default","site-sidebar-style":"default","ast-global-header-display":"","ast-banner-title-visibility":"","ast-main-header-display":"","ast-hfb-above-header-display":"","ast-hfb-below-header-display":"","ast-hfb-mobile-header-display":"","site-post-title":"disabled","ast-breadcrumbs-content":"disabled","ast-featured-img":"disabled","footer-sml-layout":"","ast-disable-related-posts":"","theme-transparent-header-meta":"enabled","adv-header-id-meta":"","stick-header-meta":"","header-above-stick-meta":"","header-main-stick-meta":"","header-below-stick-meta":"","astra-migrate-meta-layouts":"default","ast-page-background-enabled":"default","ast-page-background-meta":{"desktop":{"background-color":"","background-image":"","background-repeat":"repeat","background-position":"center center","background-size":"auto","background-attachment":"scroll","background-type":"","background-media":"","overlay-type":"","overlay-color":"","overlay-opacity":"","overlay-gradient":""},"tablet":{"background-color":"","background-image":"","background-repeat":"repeat","background-position":"center center","background-size":"auto","background-attachment":"scroll","background-type":"","background-media":"","overlay-type":"","overlay-color":"","overlay-opacity":"","overlay-gradient":""},"mobile":{"background-color":"","background-image":"","background-repeat":"repeat","background-position":"center center","background-size":"auto","background-attachment":"scroll","background-type":"","background-media":"","overlay-type":"","overlay-color":"","overlay-opacity":"","overlay-gradient":""}},"ast-content-background-meta":{"desktop":{"background-color":"var(--ast-global-color-5)","background-image":"","background-repeat":"repeat","background-position":"center center","background-size":"auto","background-attachment":"scroll","background-type":"","background-media":"","overlay-type":"","overlay-color":"","overlay-opacity":"","overlay-gradient":""},"tablet":{"background-color":"var(--ast-global-color-5)","background-image":"","background-repeat":"repeat","background-position":"center center","background-size":"auto","background-attachment":"scroll","background-type":"","background-media":"","overlay-type":"","overlay-color":"","overlay-opacity":"","overlay-gradient":""},"mobile":{"background-color":"var(--ast-global-color-5)","background-image":"","background-repeat":"repeat","background-position":"center center","background-size":"auto","background-attachment":"scroll","background-type":"","background-media":"","overlay-type":"","overlay-color":"","overlay-opacity":"","overlay-gradient":""}},"footnotes":""},"class_list":["post-980","page","type-page","status-publish","hentry"],"yoast_head":"<!-- This site is optimized with the Yoast SEO plugin v26.9 - https:\/\/yoast.com\/product\/yoast-seo-wordpress\/ -->\n<title>Services - Karina L\u00f3pez<\/title>\n<meta name=\"robots\" content=\"index, follow, max-snippet:-1, max-image-preview:large, max-video-preview:-1\" \/>\n<link rel=\"canonical\" href=\"https:\/\/karinalopez.mx\/en\/services\/\" \/>\n<meta property=\"og:locale\" content=\"en_US\" \/>\n<meta property=\"og:type\" content=\"article\" \/>\n<meta property=\"og:title\" content=\"Services - Karina L\u00f3pez\" \/>\n<meta property=\"og:description\" content=\"Como puedo ayudarte No todos los negocios necesitan lo mismo, pero todos necesitan una estrategia para crecer. Dise\u00f1o estrategias de negocio y marketing para empresas que buscan crecer con un rumbo definido. Mi enfoque parte de entender tu negocio, sus retos y oportunidades para construir una ventaja real. Esto permite ordenar, enfocar y fortalecer tu [&hellip;]\" \/>\n<meta property=\"og:url\" content=\"https:\/\/karinalopez.mx\/en\/services\/\" \/>\n<meta property=\"og:site_name\" content=\"Karina L\u00f3pez\" \/>\n<meta property=\"article:modified_time\" content=\"2026-02-20T19:28:35+00:00\" \/>\n<meta name=\"twitter:card\" content=\"summary_large_image\" \/>\n<script type=\"application\/ld+json\" class=\"yoast-schema-graph\">{\"@context\":\"https:\/\/schema.org\",\"@graph\":[{\"@type\":\"WebPage\",\"@id\":\"https:\/\/karinalopez.mx\/services\/\",\"url\":\"https:\/\/karinalopez.mx\/services\/\",\"name\":\"Services - Karina L\u00f3pez\",\"isPartOf\":{\"@id\":\"https:\/\/karinalopez.mx\/#website\"},\"datePublished\":\"2021-04-18T03:50:49+00:00\",\"dateModified\":\"2026-02-20T19:28:35+00:00\",\"breadcrumb\":{\"@id\":\"https:\/\/karinalopez.mx\/services\/#breadcrumb\"},\"inLanguage\":\"en-US\",\"potentialAction\":[{\"@type\":\"ReadAction\",\"target\":[\"https:\/\/karinalopez.mx\/services\/\"]}]},{\"@type\":\"BreadcrumbList\",\"@id\":\"https:\/\/karinalopez.mx\/services\/#breadcrumb\",\"itemListElement\":[{\"@type\":\"ListItem\",\"position\":1,\"name\":\"Inicio\",\"item\":\"https:\/\/karinalopez.mx\/\"},{\"@type\":\"ListItem\",\"position\":2,\"name\":\"Services\"}]},{\"@type\":\"WebSite\",\"@id\":\"https:\/\/karinalopez.mx\/#website\",\"url\":\"https:\/\/karinalopez.mx\/\",\"name\":\"Karina L\u00f3pez\",\"description\":\"Consultor\u00eda, coaching y mentor\u00eda\",\"publisher\":{\"@id\":\"https:\/\/karinalopez.mx\/#organization\"},\"potentialAction\":[{\"@type\":\"SearchAction\",\"target\":{\"@type\":\"EntryPoint\",\"urlTemplate\":\"https:\/\/karinalopez.mx\/?s={search_term_string}\"},\"query-input\":{\"@type\":\"PropertyValueSpecification\",\"valueRequired\":true,\"valueName\":\"search_term_string\"}}],\"inLanguage\":\"en-US\"},{\"@type\":\"Organization\",\"@id\":\"https:\/\/karinalopez.mx\/#organization\",\"name\":\"Karina L\u00f3pez\",\"url\":\"https:\/\/karinalopez.mx\/\",\"logo\":{\"@type\":\"ImageObject\",\"inLanguage\":\"en-US\",\"@id\":\"https:\/\/karinalopez.mx\/#\/schema\/logo\/image\/\",\"url\":\"https:\/\/karinalopez.mx\/wp-content\/uploads\/2022\/07\/karina_lopez-logo__nuevo_menu_header.svg\",\"contentUrl\":\"https:\/\/karinalopez.mx\/wp-content\/uploads\/2022\/07\/karina_lopez-logo__nuevo_menu_header.svg\",\"caption\":\"Karina L\u00f3pez\"},\"image\":{\"@id\":\"https:\/\/karinalopez.mx\/#\/schema\/logo\/image\/\"}}]}<\/script>\n<!-- \/ Yoast SEO plugin. -->","yoast_head_json":{"title":"Services - Karina L\u00f3pez","robots":{"index":"index","follow":"follow","max-snippet":"max-snippet:-1","max-image-preview":"max-image-preview:large","max-video-preview":"max-video-preview:-1"},"canonical":"https:\/\/karinalopez.mx\/en\/services\/","og_locale":"en_US","og_type":"article","og_title":"Services - Karina L\u00f3pez","og_description":"Como puedo ayudarte No todos los negocios necesitan lo mismo, pero todos necesitan una estrategia para crecer. Dise\u00f1o estrategias de negocio y marketing para empresas que buscan crecer con un rumbo definido. Mi enfoque parte de entender tu negocio, sus retos y oportunidades para construir una ventaja real. Esto permite ordenar, enfocar y fortalecer tu [&hellip;]","og_url":"https:\/\/karinalopez.mx\/en\/services\/","og_site_name":"Karina L\u00f3pez","article_modified_time":"2026-02-20T19:28:35+00:00","twitter_card":"summary_large_image","schema":{"@context":"https:\/\/schema.org","@graph":[{"@type":"WebPage","@id":"https:\/\/karinalopez.mx\/services\/","url":"https:\/\/karinalopez.mx\/services\/","name":"Services - Karina L\u00f3pez","isPartOf":{"@id":"https:\/\/karinalopez.mx\/#website"},"datePublished":"2021-04-18T03:50:49+00:00","dateModified":"2026-02-20T19:28:35+00:00","breadcrumb":{"@id":"https:\/\/karinalopez.mx\/services\/#breadcrumb"},"inLanguage":"en-US","potentialAction":[{"@type":"ReadAction","target":["https:\/\/karinalopez.mx\/services\/"]}]},{"@type":"BreadcrumbList","@id":"https:\/\/karinalopez.mx\/services\/#breadcrumb","itemListElement":[{"@type":"ListItem","position":1,"name":"Inicio","item":"https:\/\/karinalopez.mx\/"},{"@type":"ListItem","position":2,"name":"Services"}]},{"@type":"WebSite","@id":"https:\/\/karinalopez.mx\/#website","url":"https:\/\/karinalopez.mx\/","name":"Karina L\u00f3pez","description":"Consultor\u00eda, coaching y mentor\u00eda","publisher":{"@id":"https:\/\/karinalopez.mx\/#organization"},"potentialAction":[{"@type":"SearchAction","target":{"@type":"EntryPoint","urlTemplate":"https:\/\/karinalopez.mx\/?s={search_term_string}"},"query-input":{"@type":"PropertyValueSpecification","valueRequired":true,"valueName":"search_term_string"}}],"inLanguage":"en-US"},{"@type":"Organization","@id":"https:\/\/karinalopez.mx\/#organization","name":"Karina L\u00f3pez","url":"https:\/\/karinalopez.mx\/","logo":{"@type":"ImageObject","inLanguage":"en-US","@id":"https:\/\/karinalopez.mx\/#\/schema\/logo\/image\/","url":"https:\/\/karinalopez.mx\/wp-content\/uploads\/2022\/07\/karina_lopez-logo__nuevo_menu_header.svg","contentUrl":"https:\/\/karinalopez.mx\/wp-content\/uploads\/2022\/07\/karina_lopez-logo__nuevo_menu_header.svg","caption":"Karina L\u00f3pez"},"image":{"@id":"https:\/\/karinalopez.mx\/#\/schema\/logo\/image\/"}}]}},"_links":{"self":[{"href":"https:\/\/karinalopez.mx\/en\/wp-json\/wp\/v2\/pages\/980","targetHints":{"allow":["GET"]}}],"collection":[{"href":"https:\/\/karinalopez.mx\/en\/wp-json\/wp\/v2\/pages"}],"about":[{"href":"https:\/\/karinalopez.mx\/en\/wp-json\/wp\/v2\/types\/page"}],"author":[{"embeddable":true,"href":"https:\/\/karinalopez.mx\/en\/wp-json\/wp\/v2\/users\/2"}],"replies":[{"embeddable":true,"href":"https:\/\/karinalopez.mx\/en\/wp-json\/wp\/v2\/comments?post=980"}],"version-history":[{"count":28,"href":"https:\/\/karinalopez.mx\/en\/wp-json\/wp\/v2\/pages\/980\/revisions"}],"predecessor-version":[{"id":3742,"href":"https:\/\/karinalopez.mx\/en\/wp-json\/wp\/v2\/pages\/980\/revisions\/3742"}],"wp:attachment":[{"href":"https:\/\/karinalopez.mx\/en\/wp-json\/wp\/v2\/media?parent=980"}],"curies":[{"name":"wp","href":"https:\/\/api.w.org\/{rel}","templated":true}]}}