{"id":983,"date":"2021-04-18T04:28:06","date_gmt":"2021-04-18T04:28:06","guid":{"rendered":"https:\/\/karinalopez.mx\/contact\/"},"modified":"2026-04-30T17:17:44","modified_gmt":"2026-04-30T17:17:44","slug":"contact","status":"publish","type":"page","link":"https:\/\/karinalopez.mx\/en\/contact\/","title":{"rendered":"Contact"},"content":{"rendered":"<h1>\n\t\t\t\tLet\u2019s talk with clarity\n\t\t\t<\/h1>\n\t<h2>\n\t\t\t\tStrategic Business Evaluation\n\t\t\t<\/h2>\n\t\t\tSi tu marketing est\u00e1 activo pero el crecimiento no llega, esta sesi\u00f3n est\u00e1 dise\u00f1ada para entender por qu\u00e9.Analizamos tu situaci\u00f3n actual, identificamos qu\u00e9 est\u00e1 limitando el crecimiento y qu\u00e9 tipo de decisiones necesitas tomar para avanzar.Es un espacio de an\u00e1lisis estrat\u00e9gico.\t\n\t<ul>\n\t\t<li>\t\t\t\t\n\t\t<h6>Your marketing is active, but growth is inconsistent.<\/h6><\/li><li>\t\t\t\t\n\t\t<h6>There are initiatives in motion, but no clear direction.<\/h6><\/li><li>\t\t\t\t\n\t\t<h6>The team executes, but they aren't always aligned with the same focus.<\/h6><\/li><li>\t\t\t\t\n\t\t<h6>Opportunities exist, but it isn't clear which ones to prioritize.<\/h6><\/li><li>\t\t\t\t\n\t\t<h6>El negocio crece&#8230; pero no de forma estructurada<\/h6><\/li>\t<\/ul>\n<p>Send me an email or contact me directly for more information on my services.<\/p>\n\t<h6>\n\t\t\t\tOffice\n\t\t\t<\/h6>\n\t<h4>\n\t\t\t\tSof\u00eda Tower, San Pedro Garza Garc\u00eda, N.L., Mexico\n\t\t\t<\/h4>\n\t<h6>\n\t\t\t\tPhone\n\t\t\t<\/h6>\n\t<h4>\n\t\t\t\t+52 81 1492 5000\n\t\t\t<\/h4>\n\t<h6>\n\t\t\t\tEMAIL\n\t\t\t<\/h6>\n\t<h4>\n\t\t\t\thola@karinalopez.mx\n\t\t\t<\/h4>\n\t<h6>\n\t\t\t\tKeep in touch\n\t\t\t<\/h6>\n\t<iframe src=\"https:\/\/www.google.com\/maps\/embed\/v1\/place?q=Av.+Ricardo+Margain+Zozaya+440-3202%2C+Valle+del+Campestre%2C+66265+San+Pedro+Garza+Garc%C3%ADa%2C+N.L.&#038;key=AIzaSyD09zQ9PNDNNy9TadMuzRV_UsPUoWKntt8\" aria-hidden=\"true\"><\/iframe>","protected":false},"excerpt":{"rendered":"<p>Conversemos con claridad Evaluaci\u00f3n estrat\u00e9gica de mi negocio Si tu marketing est\u00e1 activo pero el crecimiento no llega, esta sesi\u00f3n est\u00e1 dise\u00f1ada para entender por qu\u00e9.Analizamos tu situaci\u00f3n actual, identificamos qu\u00e9 est\u00e1 limitando el crecimiento y qu\u00e9 tipo de decisiones necesitas tomar para avanzar.Es un espacio de an\u00e1lisis estrat\u00e9gico. Tu marketing est\u00e1 activo, pero el [&hellip;]<\/p>","protected":false},"author":2,"featured_media":0,"parent":0,"menu_order":0,"comment_status":"closed","ping_status":"closed","template":"","meta":{"site-sidebar-layout":"no-sidebar","site-content-layout":"page-builder","ast-site-content-layout":"default","site-content-style":"default","site-sidebar-style":"default","ast-global-header-display":"","ast-banner-title-visibility":"","ast-main-header-display":"","ast-hfb-above-header-display":"","ast-hfb-below-header-display":"","ast-hfb-mobile-header-display":"","site-post-title":"disabled","ast-breadcrumbs-content":"disabled","ast-featured-img":"disabled","footer-sml-layout":"","ast-disable-related-posts":"","theme-transparent-header-meta":"enabled","adv-header-id-meta":"","stick-header-meta":"","header-above-stick-meta":"","header-main-stick-meta":"","header-below-stick-meta":"","astra-migrate-meta-layouts":"default","ast-page-background-enabled":"default","ast-page-background-meta":{"desktop":{"background-color":"","background-image":"","background-repeat":"repeat","background-position":"center center","background-size":"auto","background-attachment":"scroll","background-type":"","background-media":"","overlay-type":"","overlay-color":"","overlay-opacity":"","overlay-gradient":""},"tablet":{"background-color":"","background-image":"","background-repeat":"repeat","background-position":"center center","background-size":"auto","background-attachment":"scroll","background-type":"","background-media":"","overlay-type":"","overlay-color":"","overlay-opacity":"","overlay-gradient":""},"mobile":{"background-color":"","background-image":"","background-repeat":"repeat","background-position":"center center","background-size":"auto","background-attachment":"scroll","background-type":"","background-media":"","overlay-type":"","overlay-color":"","overlay-opacity":"","overlay-gradient":""}},"ast-content-background-meta":{"desktop":{"background-color":"var(--ast-global-color-5)","background-image":"","background-repeat":"repeat","background-position":"center center","background-size":"auto","background-attachment":"scroll","background-type":"","background-media":"","overlay-type":"","overlay-color":"","overlay-opacity":"","overlay-gradient":""},"tablet":{"background-color":"var(--ast-global-color-5)","background-image":"","background-repeat":"repeat","background-position":"center center","background-size":"auto","background-attachment":"scroll","background-type":"","background-media":"","overlay-type":"","overlay-color":"","overlay-opacity":"","overlay-gradient":""},"mobile":{"background-color":"var(--ast-global-color-5)","background-image":"","background-repeat":"repeat","background-position":"center center","background-size":"auto","background-attachment":"scroll","background-type":"","background-media":"","overlay-type":"","overlay-color":"","overlay-opacity":"","overlay-gradient":""}},"footnotes":""},"class_list":["post-983","page","type-page","status-publish","hentry"],"yoast_head":"<!-- This site is optimized with the Yoast SEO plugin v26.9 - https:\/\/yoast.com\/product\/yoast-seo-wordpress\/ -->\n<title>Contact - Karina L\u00f3pez<\/title>\n<meta name=\"robots\" content=\"index, follow, max-snippet:-1, max-image-preview:large, max-video-preview:-1\" \/>\n<link rel=\"canonical\" href=\"https:\/\/karinalopez.mx\/en\/contact\/\" \/>\n<meta property=\"og:locale\" content=\"en_US\" \/>\n<meta property=\"og:type\" content=\"article\" \/>\n<meta property=\"og:title\" content=\"Contact - Karina L\u00f3pez\" \/>\n<meta property=\"og:description\" content=\"Conversemos con claridad Evaluaci\u00f3n estrat\u00e9gica de mi negocio Si tu marketing est\u00e1 activo pero el crecimiento no llega, esta sesi\u00f3n est\u00e1 dise\u00f1ada para entender por qu\u00e9.Analizamos tu situaci\u00f3n actual, identificamos qu\u00e9 est\u00e1 limitando el crecimiento y qu\u00e9 tipo de decisiones necesitas tomar para avanzar.Es un espacio de an\u00e1lisis estrat\u00e9gico. Tu marketing est\u00e1 activo, pero el [&hellip;]\" \/>\n<meta property=\"og:url\" content=\"https:\/\/karinalopez.mx\/en\/contact\/\" \/>\n<meta property=\"og:site_name\" content=\"Karina L\u00f3pez\" \/>\n<meta property=\"article:modified_time\" content=\"2026-04-30T17:17:44+00:00\" \/>\n<meta name=\"twitter:card\" content=\"summary_large_image\" \/>\n<meta name=\"twitter:label1\" content=\"Est. reading time\" \/>\n\t<meta name=\"twitter:data1\" content=\"1 minute\" \/>\n<script type=\"application\/ld+json\" class=\"yoast-schema-graph\">{\"@context\":\"https:\/\/schema.org\",\"@graph\":[{\"@type\":\"WebPage\",\"@id\":\"https:\/\/karinalopez.mx\/contact\/\",\"url\":\"https:\/\/karinalopez.mx\/contact\/\",\"name\":\"Contact - Karina L\u00f3pez\",\"isPartOf\":{\"@id\":\"https:\/\/karinalopez.mx\/#website\"},\"datePublished\":\"2021-04-18T04:28:06+00:00\",\"dateModified\":\"2026-04-30T17:17:44+00:00\",\"breadcrumb\":{\"@id\":\"https:\/\/karinalopez.mx\/contact\/#breadcrumb\"},\"inLanguage\":\"en-US\",\"potentialAction\":[{\"@type\":\"ReadAction\",\"target\":[\"https:\/\/karinalopez.mx\/contact\/\"]}]},{\"@type\":\"BreadcrumbList\",\"@id\":\"https:\/\/karinalopez.mx\/contact\/#breadcrumb\",\"itemListElement\":[{\"@type\":\"ListItem\",\"position\":1,\"name\":\"Inicio\",\"item\":\"https:\/\/karinalopez.mx\/\"},{\"@type\":\"ListItem\",\"position\":2,\"name\":\"Contact\"}]},{\"@type\":\"WebSite\",\"@id\":\"https:\/\/karinalopez.mx\/#website\",\"url\":\"https:\/\/karinalopez.mx\/\",\"name\":\"Karina L\u00f3pez\",\"description\":\"Consultor\u00eda, coaching y mentor\u00eda\",\"publisher\":{\"@id\":\"https:\/\/karinalopez.mx\/#organization\"},\"potentialAction\":[{\"@type\":\"SearchAction\",\"target\":{\"@type\":\"EntryPoint\",\"urlTemplate\":\"https:\/\/karinalopez.mx\/?s={search_term_string}\"},\"query-input\":{\"@type\":\"PropertyValueSpecification\",\"valueRequired\":true,\"valueName\":\"search_term_string\"}}],\"inLanguage\":\"en-US\"},{\"@type\":\"Organization\",\"@id\":\"https:\/\/karinalopez.mx\/#organization\",\"name\":\"Karina L\u00f3pez\",\"url\":\"https:\/\/karinalopez.mx\/\",\"logo\":{\"@type\":\"ImageObject\",\"inLanguage\":\"en-US\",\"@id\":\"https:\/\/karinalopez.mx\/#\/schema\/logo\/image\/\",\"url\":\"https:\/\/karinalopez.mx\/wp-content\/uploads\/2022\/07\/karina_lopez-logo__nuevo_menu_header.svg\",\"contentUrl\":\"https:\/\/karinalopez.mx\/wp-content\/uploads\/2022\/07\/karina_lopez-logo__nuevo_menu_header.svg\",\"caption\":\"Karina L\u00f3pez\"},\"image\":{\"@id\":\"https:\/\/karinalopez.mx\/#\/schema\/logo\/image\/\"}}]}<\/script>\n<!-- \/ Yoast SEO plugin. -->","yoast_head_json":{"title":"Contact - Karina L\u00f3pez","robots":{"index":"index","follow":"follow","max-snippet":"max-snippet:-1","max-image-preview":"max-image-preview:large","max-video-preview":"max-video-preview:-1"},"canonical":"https:\/\/karinalopez.mx\/en\/contact\/","og_locale":"en_US","og_type":"article","og_title":"Contact - Karina L\u00f3pez","og_description":"Conversemos con claridad Evaluaci\u00f3n estrat\u00e9gica de mi negocio Si tu marketing est\u00e1 activo pero el crecimiento no llega, esta sesi\u00f3n est\u00e1 dise\u00f1ada para entender por qu\u00e9.Analizamos tu situaci\u00f3n actual, identificamos qu\u00e9 est\u00e1 limitando el crecimiento y qu\u00e9 tipo de decisiones necesitas tomar para avanzar.Es un espacio de an\u00e1lisis estrat\u00e9gico. Tu marketing est\u00e1 activo, pero el [&hellip;]","og_url":"https:\/\/karinalopez.mx\/en\/contact\/","og_site_name":"Karina L\u00f3pez","article_modified_time":"2026-04-30T17:17:44+00:00","twitter_card":"summary_large_image","twitter_misc":{"Est. reading time":"1 minute"},"schema":{"@context":"https:\/\/schema.org","@graph":[{"@type":"WebPage","@id":"https:\/\/karinalopez.mx\/contact\/","url":"https:\/\/karinalopez.mx\/contact\/","name":"Contact - Karina L\u00f3pez","isPartOf":{"@id":"https:\/\/karinalopez.mx\/#website"},"datePublished":"2021-04-18T04:28:06+00:00","dateModified":"2026-04-30T17:17:44+00:00","breadcrumb":{"@id":"https:\/\/karinalopez.mx\/contact\/#breadcrumb"},"inLanguage":"en-US","potentialAction":[{"@type":"ReadAction","target":["https:\/\/karinalopez.mx\/contact\/"]}]},{"@type":"BreadcrumbList","@id":"https:\/\/karinalopez.mx\/contact\/#breadcrumb","itemListElement":[{"@type":"ListItem","position":1,"name":"Inicio","item":"https:\/\/karinalopez.mx\/"},{"@type":"ListItem","position":2,"name":"Contact"}]},{"@type":"WebSite","@id":"https:\/\/karinalopez.mx\/#website","url":"https:\/\/karinalopez.mx\/","name":"Karina L\u00f3pez","description":"Consultor\u00eda, coaching y mentor\u00eda","publisher":{"@id":"https:\/\/karinalopez.mx\/#organization"},"potentialAction":[{"@type":"SearchAction","target":{"@type":"EntryPoint","urlTemplate":"https:\/\/karinalopez.mx\/?s={search_term_string}"},"query-input":{"@type":"PropertyValueSpecification","valueRequired":true,"valueName":"search_term_string"}}],"inLanguage":"en-US"},{"@type":"Organization","@id":"https:\/\/karinalopez.mx\/#organization","name":"Karina L\u00f3pez","url":"https:\/\/karinalopez.mx\/","logo":{"@type":"ImageObject","inLanguage":"en-US","@id":"https:\/\/karinalopez.mx\/#\/schema\/logo\/image\/","url":"https:\/\/karinalopez.mx\/wp-content\/uploads\/2022\/07\/karina_lopez-logo__nuevo_menu_header.svg","contentUrl":"https:\/\/karinalopez.mx\/wp-content\/uploads\/2022\/07\/karina_lopez-logo__nuevo_menu_header.svg","caption":"Karina L\u00f3pez"},"image":{"@id":"https:\/\/karinalopez.mx\/#\/schema\/logo\/image\/"}}]}},"_links":{"self":[{"href":"https:\/\/karinalopez.mx\/en\/wp-json\/wp\/v2\/pages\/983","targetHints":{"allow":["GET"]}}],"collection":[{"href":"https:\/\/karinalopez.mx\/en\/wp-json\/wp\/v2\/pages"}],"about":[{"href":"https:\/\/karinalopez.mx\/en\/wp-json\/wp\/v2\/types\/page"}],"author":[{"embeddable":true,"href":"https:\/\/karinalopez.mx\/en\/wp-json\/wp\/v2\/users\/2"}],"replies":[{"embeddable":true,"href":"https:\/\/karinalopez.mx\/en\/wp-json\/wp\/v2\/comments?post=983"}],"version-history":[{"count":18,"href":"https:\/\/karinalopez.mx\/en\/wp-json\/wp\/v2\/pages\/983\/revisions"}],"predecessor-version":[{"id":3810,"href":"https:\/\/karinalopez.mx\/en\/wp-json\/wp\/v2\/pages\/983\/revisions\/3810"}],"wp:attachment":[{"href":"https:\/\/karinalopez.mx\/en\/wp-json\/wp\/v2\/media?parent=983"}],"curies":[{"name":"wp","href":"https:\/\/api.w.org\/{rel}","templated":true}]}}